{"id":2,"date":"2024-11-09T08:53:14","date_gmt":"2024-11-09T08:53:14","guid":{"rendered":"https:\/\/psychotherapie-vogt.li\/?page_id=2"},"modified":"2025-05-28T19:55:21","modified_gmt":"2025-05-28T17:55:21","slug":"sample-page","status":"publish","type":"page","link":"https:\/\/psychotherapie-vogt.li\/","title":{"rendered":"Startseite"},"content":{"rendered":"\r\n<p style=\"text-align: center;\">\u00a0<\/p>\r\n<p style=\"font-weight: 400; text-align: center;\">Als psychologische Psychotherapeutin unterst\u00fctze ich Sie in belastenden Lebenssituationen und helfe Ihnen, neue Wege zu finden, um mit Ihren Herausforderungen umzugehen. Ich biete Ihnen einen gesch\u00fctzten Rahmen, in dem Sie Ihre Gedanken und Gef\u00fchle zum Ausdruck bringen k\u00f6nnen.<\/p>\r\n<p style=\"font-weight: 400; text-align: center;\">Ich freue mich darauf, Sie ein St\u00fcck auf Ihrem Lebensweg begleiten zu d\u00fcrfen.<\/p>\r\n<h6 style=\"text-align: center;\"><strong>Patricia Vogt<\/strong><\/h6>\r\n<p style=\"text-align: center;\"><em>Psychotherapeutin und Psychologin M. Sc.<\/em><\/p>\r\n","protected":false},"excerpt":{"rendered":"<p>\u00a0 Als psychologische Psychotherapeutin unterst\u00fctze ich Sie in belastenden Lebenssituationen und helfe Ihnen, neue Wege zu finden, um mit Ihren Herausforderungen umzugehen. Ich biete Ihnen einen gesch\u00fctzten Rahmen, in dem Sie Ihre Gedanken und Gef\u00fchle zum Ausdruck bringen k\u00f6nnen. Ich freue mich darauf, Sie ein St\u00fcck auf Ihrem Lebensweg begleiten zu d\u00fcrfen. Patricia Vogt Psychotherapeutin <a href=\"https:\/\/psychotherapie-vogt.li\/\" class=\"read-more below\">READ MORE<\/a><\/p>\n","protected":false},"author":1,"featured_media":0,"parent":0,"menu_order":0,"comment_status":"closed","ping_status":"closed","template":"","meta":{"footnotes":""},"class_list":["post-2","page","type-page","status-publish","hentry"],"yoast_head":"<!-- This site is optimized with the Yoast SEO plugin v27.1.1 - https:\/\/yoast.com\/product\/yoast-seo-wordpress\/ -->\n<title>Startseite - Praxis f\u00fcr Psychotherapie<\/title>\n<meta name=\"robots\" content=\"index, follow, max-snippet:-1, max-image-preview:large, max-video-preview:-1\" \/>\n<link rel=\"canonical\" href=\"https:\/\/psychotherapie-vogt.li\/\" \/>\n<meta property=\"og:locale\" content=\"de_DE\" \/>\n<meta property=\"og:type\" content=\"article\" \/>\n<meta property=\"og:title\" content=\"Startseite - Praxis f\u00fcr Psychotherapie\" \/>\n<meta property=\"og:description\" content=\"\u00a0 Als psychologische Psychotherapeutin unterst\u00fctze ich Sie in belastenden Lebenssituationen und helfe Ihnen, neue Wege zu finden, um mit Ihren Herausforderungen umzugehen. Ich biete Ihnen einen gesch\u00fctzten Rahmen, in dem Sie Ihre Gedanken und Gef\u00fchle zum Ausdruck bringen k\u00f6nnen. Ich freue mich darauf, Sie ein St\u00fcck auf Ihrem Lebensweg begleiten zu d\u00fcrfen. Patricia Vogt Psychotherapeutin READ MORE\" \/>\n<meta property=\"og:url\" content=\"https:\/\/psychotherapie-vogt.li\/\" \/>\n<meta property=\"og:site_name\" content=\"Praxis f\u00fcr Psychotherapie\" \/>\n<meta property=\"article:modified_time\" content=\"2025-05-28T17:55:21+00:00\" \/>\n<meta name=\"twitter:card\" content=\"summary_large_image\" \/>\n<meta name=\"twitter:label1\" content=\"Gesch\u00e4tzte Lesezeit\" \/>\n\t<meta name=\"twitter:data1\" content=\"1\u00a0Minute\" \/>\n<script type=\"application\/ld+json\" class=\"yoast-schema-graph\">{\"@context\":\"https:\/\/schema.org\",\"@graph\":[{\"@type\":\"WebPage\",\"@id\":\"https:\/\/psychotherapie-vogt.li\/\",\"url\":\"https:\/\/psychotherapie-vogt.li\/\",\"name\":\"Startseite - Praxis f\u00fcr Psychotherapie\",\"isPartOf\":{\"@id\":\"https:\/\/psychotherapie-vogt.li\/#website\"},\"datePublished\":\"2024-11-09T08:53:14+00:00\",\"dateModified\":\"2025-05-28T17:55:21+00:00\",\"breadcrumb\":{\"@id\":\"https:\/\/psychotherapie-vogt.li\/#breadcrumb\"},\"inLanguage\":\"de\",\"potentialAction\":[{\"@type\":\"ReadAction\",\"target\":[\"https:\/\/psychotherapie-vogt.li\/\"]}]},{\"@type\":\"BreadcrumbList\",\"@id\":\"https:\/\/psychotherapie-vogt.li\/#breadcrumb\",\"itemListElement\":[{\"@type\":\"ListItem\",\"position\":1,\"name\":\"Startseite\",\"item\":\"https:\/\/psychotherapie-vogt.li\/\"},{\"@type\":\"ListItem\",\"position\":2,\"name\":\"Startseite\"}]},{\"@type\":\"WebSite\",\"@id\":\"https:\/\/psychotherapie-vogt.li\/#website\",\"url\":\"https:\/\/psychotherapie-vogt.li\/\",\"name\":\"Praxis f\u00fcr Psychotherapie\",\"description\":\"Industriestrasse 17, 9495 Triesen, Liechtenstein\",\"potentialAction\":[{\"@type\":\"SearchAction\",\"target\":{\"@type\":\"EntryPoint\",\"urlTemplate\":\"https:\/\/psychotherapie-vogt.li\/?s={search_term_string}\"},\"query-input\":{\"@type\":\"PropertyValueSpecification\",\"valueRequired\":true,\"valueName\":\"search_term_string\"}}],\"inLanguage\":\"de\"}]}<\/script>\n<!-- \/ Yoast SEO plugin. -->","yoast_head_json":{"title":"Startseite - Praxis f\u00fcr Psychotherapie","robots":{"index":"index","follow":"follow","max-snippet":"max-snippet:-1","max-image-preview":"max-image-preview:large","max-video-preview":"max-video-preview:-1"},"canonical":"https:\/\/psychotherapie-vogt.li\/","og_locale":"de_DE","og_type":"article","og_title":"Startseite - Praxis f\u00fcr Psychotherapie","og_description":"\u00a0 Als psychologische Psychotherapeutin unterst\u00fctze ich Sie in belastenden Lebenssituationen und helfe Ihnen, neue Wege zu finden, um mit Ihren Herausforderungen umzugehen. Ich biete Ihnen einen gesch\u00fctzten Rahmen, in dem Sie Ihre Gedanken und Gef\u00fchle zum Ausdruck bringen k\u00f6nnen. Ich freue mich darauf, Sie ein St\u00fcck auf Ihrem Lebensweg begleiten zu d\u00fcrfen. Patricia Vogt Psychotherapeutin READ MORE","og_url":"https:\/\/psychotherapie-vogt.li\/","og_site_name":"Praxis f\u00fcr Psychotherapie","article_modified_time":"2025-05-28T17:55:21+00:00","twitter_card":"summary_large_image","twitter_misc":{"Gesch\u00e4tzte Lesezeit":"1\u00a0Minute"},"schema":{"@context":"https:\/\/schema.org","@graph":[{"@type":"WebPage","@id":"https:\/\/psychotherapie-vogt.li\/","url":"https:\/\/psychotherapie-vogt.li\/","name":"Startseite - Praxis f\u00fcr Psychotherapie","isPartOf":{"@id":"https:\/\/psychotherapie-vogt.li\/#website"},"datePublished":"2024-11-09T08:53:14+00:00","dateModified":"2025-05-28T17:55:21+00:00","breadcrumb":{"@id":"https:\/\/psychotherapie-vogt.li\/#breadcrumb"},"inLanguage":"de","potentialAction":[{"@type":"ReadAction","target":["https:\/\/psychotherapie-vogt.li\/"]}]},{"@type":"BreadcrumbList","@id":"https:\/\/psychotherapie-vogt.li\/#breadcrumb","itemListElement":[{"@type":"ListItem","position":1,"name":"Startseite","item":"https:\/\/psychotherapie-vogt.li\/"},{"@type":"ListItem","position":2,"name":"Startseite"}]},{"@type":"WebSite","@id":"https:\/\/psychotherapie-vogt.li\/#website","url":"https:\/\/psychotherapie-vogt.li\/","name":"Praxis f\u00fcr Psychotherapie","description":"Industriestrasse 17, 9495 Triesen, Liechtenstein","potentialAction":[{"@type":"SearchAction","target":{"@type":"EntryPoint","urlTemplate":"https:\/\/psychotherapie-vogt.li\/?s={search_term_string}"},"query-input":{"@type":"PropertyValueSpecification","valueRequired":true,"valueName":"search_term_string"}}],"inLanguage":"de"}]}},"_links":{"self":[{"href":"https:\/\/psychotherapie-vogt.li\/index.php\/wp-json\/wp\/v2\/pages\/2","targetHints":{"allow":["GET"]}}],"collection":[{"href":"https:\/\/psychotherapie-vogt.li\/index.php\/wp-json\/wp\/v2\/pages"}],"about":[{"href":"https:\/\/psychotherapie-vogt.li\/index.php\/wp-json\/wp\/v2\/types\/page"}],"author":[{"embeddable":true,"href":"https:\/\/psychotherapie-vogt.li\/index.php\/wp-json\/wp\/v2\/users\/1"}],"replies":[{"embeddable":true,"href":"https:\/\/psychotherapie-vogt.li\/index.php\/wp-json\/wp\/v2\/comments?post=2"}],"version-history":[{"count":20,"href":"https:\/\/psychotherapie-vogt.li\/index.php\/wp-json\/wp\/v2\/pages\/2\/revisions"}],"predecessor-version":[{"id":283,"href":"https:\/\/psychotherapie-vogt.li\/index.php\/wp-json\/wp\/v2\/pages\/2\/revisions\/283"}],"wp:attachment":[{"href":"https:\/\/psychotherapie-vogt.li\/index.php\/wp-json\/wp\/v2\/media?parent=2"}],"curies":[{"name":"wp","href":"https:\/\/api.w.org\/{rel}","templated":true}]}}