{"id":27,"date":"2024-11-09T09:17:43","date_gmt":"2024-11-09T09:17:43","guid":{"rendered":"https:\/\/psychotherapie-vogt.li\/?page_id=27"},"modified":"2025-05-28T19:52:12","modified_gmt":"2025-05-28T17:52:12","slug":"ueber-mich","status":"publish","type":"page","link":"https:\/\/psychotherapie-vogt.li\/index.php\/ueber-mich\/","title":{"rendered":"\u00dcber mich"},"content":{"rendered":"<h6><strong>Patricia Vogt<\/strong><\/h6>\n<p><em>Eidgen\u00f6ssisch anerkannte Psychotherapeutin und Psychologin M. Sc.<\/em><\/p>\n<p><img loading=\"lazy\" decoding=\"async\" class=\"size-medium wp-image-43\" src=\"https:\/\/psychotherapie-vogt.li\/wp-content\/uploads\/2024\/11\/Patricia_Vogt-217x300.jpg\" alt=\"\" width=\"217\" height=\"300\" srcset=\"https:\/\/psychotherapie-vogt.li\/wp-content\/uploads\/2024\/11\/Patricia_Vogt-217x300.jpg 217w, https:\/\/psychotherapie-vogt.li\/wp-content\/uploads\/2024\/11\/Patricia_Vogt-740x1024.jpg 740w, https:\/\/psychotherapie-vogt.li\/wp-content\/uploads\/2024\/11\/Patricia_Vogt-768x1063.jpg 768w, https:\/\/psychotherapie-vogt.li\/wp-content\/uploads\/2024\/11\/Patricia_Vogt-1109x1536.jpg 1109w, https:\/\/psychotherapie-vogt.li\/wp-content\/uploads\/2024\/11\/Patricia_Vogt-1479x2048.jpg 1479w, https:\/\/psychotherapie-vogt.li\/wp-content\/uploads\/2024\/11\/Patricia_Vogt-scaled.jpg 1849w\" sizes=\"auto, (max-width: 217px) 100vw, 217px\" \/><br \/>\nIch bin 1994 geboren und in Liechtenstein aufgewachsen. Nach der Matura studierte ich Psychologie an der Universit\u00e4t Bern. Seit 2018 arbeite ich bei der Psychiatrie St. Gallen (fr\u00fcher: St. Gallische Psychiatrie-Dienste). Von 2018 bis 2020 arbeitete ich in der allgemeinpsychiatrischen Tagesklinik in Tr\u00fcbbach, von 2020 bis 2021 im Ambulatorium in Heerbrugg und seit 2021 wieder in der allgemeinpsychiatrischen Tagesklinik in Sargans (fr\u00fcher Tr\u00fcbbach) sowie im Ambulatorium.<\/p>\n<p style=\"font-weight: 400;\">Berufsbegleitend bildete ich mich zur eidgen\u00f6ssisch anerkannten Psychotherapeutin weiter. Die Psychotherapieweiterbildung absolvierte ich an der Akademie f\u00fcr Verhaltenstherapie und Methodenintegration (AIM). Die Weiterbildung umfasst in erster Linie kognitiv-verhaltenstherapeutische Inhalte, die um weitere evidenzbasierte und wissenschaftlich fundierte Konzepte und Vorgehensweisen anderer Psychotherapierichtungen erg\u00e4nzt wurden. Parallel dazu bildete ich mich in der psychodynamischen und emotionsfokussierten Methode ISTDP (intensive psychodynamische Kurzzeittherapie) weiter.<\/p>\n<p style=\"font-weight: 400;\">In meiner Freizeit begebe ich mich gerne in die Natur, geniesse die Zeit mit meinen Tieren und bin gerne kreativ\/handwerklich t\u00e4tig.<\/p>\n<h6 style=\"font-weight: 400;\"><strong>Beruflicher Werdegang<\/strong><\/h6>\n<p>2024 &#8211; aktuell: Selbstst\u00e4ndige T\u00e4tigkeit in eigener Praxis<\/p>\n<p style=\"font-weight: 400;\">2021 \u2013 aktuell: Tagesklinik und Ambulatorium des Psychiatrie-Zentrums Werdenberg-Sarganserland, Sargans<\/p>\n<p style=\"font-weight: 400;\">2020 \u2013 2021: Ambulatorium Psychiatrie-Zentrum Rheintal, Heerbrugg<\/p>\n<p style=\"font-weight: 400;\">2018 \u2013 2020: Assistenzpsychologin in der Tagesklinik und Ambulatorium des Psychiatrie-Zentrums Werdenberg-Sarganserland, Tr\u00fcbbach<\/p>\n<h6 style=\"font-weight: 400;\"><strong>Grundausbildung<\/strong><\/h6>\n<p style=\"font-weight: 400;\">2019 \u2013 2023: Psychotherapieweiterbildung an der Akademie f\u00fcr Verhaltenstherapie und Methodenintegration (AIM)<\/p>\n<p style=\"font-weight: 400;\">2017 \u2013 2018: Masterstudium in klinischer Psychologie, Universit\u00e4t Bern<\/p>\n<p style=\"font-weight: 400;\">2013 \u2013 2017: Bachelorstudium in Psychologie, Universit\u00e4t Bern<\/p>\n<h6 style=\"font-weight: 400;\"><strong>Psychotherapeutische Weiterbildungen<\/strong><\/h6>\n<p style=\"font-weight: 400;\">Intensive Short Term Dynamic Psychotherapy (ISTDP)<\/p>\n<p style=\"font-weight: 400;\">Eye Movement Desensitization and Reprocessing (EMDR)<\/p>\n<p>Dialektisch-behaviorale Therapie nach Marsha Linehan (DBT)<\/p>\n<p style=\"font-weight: 400;\">Narrative Expositionstherapie (NET)<\/p>\n<p style=\"font-weight: 400;\">Cognitive Behavioral Analysis System of Psychotherapy (CBASP) zur Behandlung chronisch depressiver St\u00f6rungen<\/p>\n<h6 style=\"font-weight: 400;\"><strong>Mitgliedschaften<\/strong><\/h6>\n<p style=\"font-weight: 400;\"><em>BPL \u2013 Berufsverband der Psychologinnen und Psychologen Liechtensteins \/ Vorstandsmitglied<\/em><\/p>\n<p style=\"font-weight: 400;\"><em>GIK \u2013 Schweizerische Gesellschaft f\u00fcr intensive psychodynamische Kurzzeittherapie (ISTDP) \/ Vorstandsmitglied <\/em><\/p>\n","protected":false},"excerpt":{"rendered":"<p>Patricia Vogt Eidgen\u00f6ssisch anerkannte Psychotherapeutin und Psychologin M. Sc. Ich bin 1994 geboren und in Liechtenstein aufgewachsen. Nach der Matura studierte ich Psychologie an der Universit\u00e4t Bern. Seit 2018 arbeite ich bei der Psychiatrie St. Gallen (fr\u00fcher: St. Gallische Psychiatrie-Dienste). Von 2018 bis 2020 arbeitete ich in der allgemeinpsychiatrischen Tagesklinik in Tr\u00fcbbach, von 2020 bis <a href=\"https:\/\/psychotherapie-vogt.li\/index.php\/ueber-mich\/\" class=\"read-more below\">READ MORE<\/a><\/p>\n","protected":false},"author":1,"featured_media":0,"parent":0,"menu_order":0,"comment_status":"closed","ping_status":"closed","template":"","meta":{"footnotes":""},"class_list":["post-27","page","type-page","status-publish","hentry"],"yoast_head":"<!-- This site is optimized with the Yoast SEO plugin v27.1.1 - https:\/\/yoast.com\/product\/yoast-seo-wordpress\/ -->\n<title>\u00dcber mich - Praxis f\u00fcr Psychotherapie<\/title>\n<meta name=\"robots\" content=\"index, follow, max-snippet:-1, max-image-preview:large, max-video-preview:-1\" \/>\n<link rel=\"canonical\" href=\"https:\/\/psychotherapie-vogt.li\/index.php\/ueber-mich\/\" \/>\n<meta property=\"og:locale\" content=\"de_DE\" \/>\n<meta property=\"og:type\" content=\"article\" \/>\n<meta property=\"og:title\" content=\"\u00dcber mich - Praxis f\u00fcr Psychotherapie\" \/>\n<meta property=\"og:description\" content=\"Patricia Vogt Eidgen\u00f6ssisch anerkannte Psychotherapeutin und Psychologin M. Sc. Ich bin 1994 geboren und in Liechtenstein aufgewachsen. Nach der Matura studierte ich Psychologie an der Universit\u00e4t Bern. Seit 2018 arbeite ich bei der Psychiatrie St. Gallen (fr\u00fcher: St. Gallische Psychiatrie-Dienste). Von 2018 bis 2020 arbeitete ich in der allgemeinpsychiatrischen Tagesklinik in Tr\u00fcbbach, von 2020 bis READ MORE\" \/>\n<meta property=\"og:url\" content=\"https:\/\/psychotherapie-vogt.li\/index.php\/ueber-mich\/\" \/>\n<meta property=\"og:site_name\" content=\"Praxis f\u00fcr Psychotherapie\" \/>\n<meta property=\"article:modified_time\" content=\"2025-05-28T17:52:12+00:00\" \/>\n<meta property=\"og:image\" content=\"https:\/\/psychotherapie-vogt.li\/wp-content\/uploads\/2024\/11\/Patricia_Vogt-scaled.jpg\" \/>\n\t<meta property=\"og:image:width\" content=\"1849\" \/>\n\t<meta property=\"og:image:height\" content=\"2560\" \/>\n\t<meta property=\"og:image:type\" content=\"image\/jpeg\" \/>\n<meta name=\"twitter:card\" content=\"summary_large_image\" \/>\n<meta name=\"twitter:label1\" content=\"Gesch\u00e4tzte Lesezeit\" \/>\n\t<meta name=\"twitter:data1\" content=\"2\u00a0Minuten\" \/>\n<script type=\"application\/ld+json\" class=\"yoast-schema-graph\">{\"@context\":\"https:\/\/schema.org\",\"@graph\":[{\"@type\":\"WebPage\",\"@id\":\"https:\/\/psychotherapie-vogt.li\/index.php\/ueber-mich\/\",\"url\":\"https:\/\/psychotherapie-vogt.li\/index.php\/ueber-mich\/\",\"name\":\"\u00dcber mich - Praxis f\u00fcr Psychotherapie\",\"isPartOf\":{\"@id\":\"https:\/\/psychotherapie-vogt.li\/#website\"},\"primaryImageOfPage\":{\"@id\":\"https:\/\/psychotherapie-vogt.li\/index.php\/ueber-mich\/#primaryimage\"},\"image\":{\"@id\":\"https:\/\/psychotherapie-vogt.li\/index.php\/ueber-mich\/#primaryimage\"},\"thumbnailUrl\":\"https:\/\/psychotherapie-vogt.li\/wp-content\/uploads\/2024\/11\/Patricia_Vogt-217x300.jpg\",\"datePublished\":\"2024-11-09T09:17:43+00:00\",\"dateModified\":\"2025-05-28T17:52:12+00:00\",\"breadcrumb\":{\"@id\":\"https:\/\/psychotherapie-vogt.li\/index.php\/ueber-mich\/#breadcrumb\"},\"inLanguage\":\"de\",\"potentialAction\":[{\"@type\":\"ReadAction\",\"target\":[\"https:\/\/psychotherapie-vogt.li\/index.php\/ueber-mich\/\"]}]},{\"@type\":\"ImageObject\",\"inLanguage\":\"de\",\"@id\":\"https:\/\/psychotherapie-vogt.li\/index.php\/ueber-mich\/#primaryimage\",\"url\":\"https:\/\/psychotherapie-vogt.li\/wp-content\/uploads\/2024\/11\/Patricia_Vogt-scaled.jpg\",\"contentUrl\":\"https:\/\/psychotherapie-vogt.li\/wp-content\/uploads\/2024\/11\/Patricia_Vogt-scaled.jpg\",\"width\":1849,\"height\":2560,\"caption\":\"Psychotherapeutin und Psychologin Patricia Vogt\"},{\"@type\":\"BreadcrumbList\",\"@id\":\"https:\/\/psychotherapie-vogt.li\/index.php\/ueber-mich\/#breadcrumb\",\"itemListElement\":[{\"@type\":\"ListItem\",\"position\":1,\"name\":\"Startseite\",\"item\":\"https:\/\/psychotherapie-vogt.li\/\"},{\"@type\":\"ListItem\",\"position\":2,\"name\":\"\u00dcber mich\"}]},{\"@type\":\"WebSite\",\"@id\":\"https:\/\/psychotherapie-vogt.li\/#website\",\"url\":\"https:\/\/psychotherapie-vogt.li\/\",\"name\":\"Praxis f\u00fcr Psychotherapie\",\"description\":\"Industriestrasse 17, 9495 Triesen, Liechtenstein\",\"potentialAction\":[{\"@type\":\"SearchAction\",\"target\":{\"@type\":\"EntryPoint\",\"urlTemplate\":\"https:\/\/psychotherapie-vogt.li\/?s={search_term_string}\"},\"query-input\":{\"@type\":\"PropertyValueSpecification\",\"valueRequired\":true,\"valueName\":\"search_term_string\"}}],\"inLanguage\":\"de\"}]}<\/script>\n<!-- \/ Yoast SEO plugin. -->","yoast_head_json":{"title":"\u00dcber mich - Praxis f\u00fcr Psychotherapie","robots":{"index":"index","follow":"follow","max-snippet":"max-snippet:-1","max-image-preview":"max-image-preview:large","max-video-preview":"max-video-preview:-1"},"canonical":"https:\/\/psychotherapie-vogt.li\/index.php\/ueber-mich\/","og_locale":"de_DE","og_type":"article","og_title":"\u00dcber mich - Praxis f\u00fcr Psychotherapie","og_description":"Patricia Vogt Eidgen\u00f6ssisch anerkannte Psychotherapeutin und Psychologin M. Sc. Ich bin 1994 geboren und in Liechtenstein aufgewachsen. Nach der Matura studierte ich Psychologie an der Universit\u00e4t Bern. Seit 2018 arbeite ich bei der Psychiatrie St. Gallen (fr\u00fcher: St. Gallische Psychiatrie-Dienste). Von 2018 bis 2020 arbeitete ich in der allgemeinpsychiatrischen Tagesklinik in Tr\u00fcbbach, von 2020 bis READ MORE","og_url":"https:\/\/psychotherapie-vogt.li\/index.php\/ueber-mich\/","og_site_name":"Praxis f\u00fcr Psychotherapie","article_modified_time":"2025-05-28T17:52:12+00:00","og_image":[{"width":1849,"height":2560,"url":"https:\/\/psychotherapie-vogt.li\/wp-content\/uploads\/2024\/11\/Patricia_Vogt-scaled.jpg","type":"image\/jpeg"}],"twitter_card":"summary_large_image","twitter_misc":{"Gesch\u00e4tzte Lesezeit":"2\u00a0Minuten"},"schema":{"@context":"https:\/\/schema.org","@graph":[{"@type":"WebPage","@id":"https:\/\/psychotherapie-vogt.li\/index.php\/ueber-mich\/","url":"https:\/\/psychotherapie-vogt.li\/index.php\/ueber-mich\/","name":"\u00dcber mich - Praxis f\u00fcr Psychotherapie","isPartOf":{"@id":"https:\/\/psychotherapie-vogt.li\/#website"},"primaryImageOfPage":{"@id":"https:\/\/psychotherapie-vogt.li\/index.php\/ueber-mich\/#primaryimage"},"image":{"@id":"https:\/\/psychotherapie-vogt.li\/index.php\/ueber-mich\/#primaryimage"},"thumbnailUrl":"https:\/\/psychotherapie-vogt.li\/wp-content\/uploads\/2024\/11\/Patricia_Vogt-217x300.jpg","datePublished":"2024-11-09T09:17:43+00:00","dateModified":"2025-05-28T17:52:12+00:00","breadcrumb":{"@id":"https:\/\/psychotherapie-vogt.li\/index.php\/ueber-mich\/#breadcrumb"},"inLanguage":"de","potentialAction":[{"@type":"ReadAction","target":["https:\/\/psychotherapie-vogt.li\/index.php\/ueber-mich\/"]}]},{"@type":"ImageObject","inLanguage":"de","@id":"https:\/\/psychotherapie-vogt.li\/index.php\/ueber-mich\/#primaryimage","url":"https:\/\/psychotherapie-vogt.li\/wp-content\/uploads\/2024\/11\/Patricia_Vogt-scaled.jpg","contentUrl":"https:\/\/psychotherapie-vogt.li\/wp-content\/uploads\/2024\/11\/Patricia_Vogt-scaled.jpg","width":1849,"height":2560,"caption":"Psychotherapeutin und Psychologin Patricia Vogt"},{"@type":"BreadcrumbList","@id":"https:\/\/psychotherapie-vogt.li\/index.php\/ueber-mich\/#breadcrumb","itemListElement":[{"@type":"ListItem","position":1,"name":"Startseite","item":"https:\/\/psychotherapie-vogt.li\/"},{"@type":"ListItem","position":2,"name":"\u00dcber mich"}]},{"@type":"WebSite","@id":"https:\/\/psychotherapie-vogt.li\/#website","url":"https:\/\/psychotherapie-vogt.li\/","name":"Praxis f\u00fcr Psychotherapie","description":"Industriestrasse 17, 9495 Triesen, Liechtenstein","potentialAction":[{"@type":"SearchAction","target":{"@type":"EntryPoint","urlTemplate":"https:\/\/psychotherapie-vogt.li\/?s={search_term_string}"},"query-input":{"@type":"PropertyValueSpecification","valueRequired":true,"valueName":"search_term_string"}}],"inLanguage":"de"}]}},"_links":{"self":[{"href":"https:\/\/psychotherapie-vogt.li\/index.php\/wp-json\/wp\/v2\/pages\/27","targetHints":{"allow":["GET"]}}],"collection":[{"href":"https:\/\/psychotherapie-vogt.li\/index.php\/wp-json\/wp\/v2\/pages"}],"about":[{"href":"https:\/\/psychotherapie-vogt.li\/index.php\/wp-json\/wp\/v2\/types\/page"}],"author":[{"embeddable":true,"href":"https:\/\/psychotherapie-vogt.li\/index.php\/wp-json\/wp\/v2\/users\/1"}],"replies":[{"embeddable":true,"href":"https:\/\/psychotherapie-vogt.li\/index.php\/wp-json\/wp\/v2\/comments?post=27"}],"version-history":[{"count":46,"href":"https:\/\/psychotherapie-vogt.li\/index.php\/wp-json\/wp\/v2\/pages\/27\/revisions"}],"predecessor-version":[{"id":281,"href":"https:\/\/psychotherapie-vogt.li\/index.php\/wp-json\/wp\/v2\/pages\/27\/revisions\/281"}],"wp:attachment":[{"href":"https:\/\/psychotherapie-vogt.li\/index.php\/wp-json\/wp\/v2\/media?parent=27"}],"curies":[{"name":"wp","href":"https:\/\/api.w.org\/{rel}","templated":true}]}}