{"id":29,"date":"2024-11-09T09:17:56","date_gmt":"2024-11-09T09:17:56","guid":{"rendered":"https:\/\/psychotherapie-vogt.li\/?page_id=29"},"modified":"2025-05-28T20:13:54","modified_gmt":"2025-05-28T18:13:54","slug":"angebot","status":"publish","type":"page","link":"https:\/\/psychotherapie-vogt.li\/index.php\/angebot\/","title":{"rendered":"Angebot"},"content":{"rendered":"<h6><strong>Allgemeines<\/strong><\/h6>\n<p>Mein Behandlungsangebot umfasst psychologische Beratung sowie psychologische Psychotherapie in problematischen Lebenssituationen oder bei psychischer Erkrankung. Ich gew\u00e4hrleiste hohe fachliche Qualit\u00e4t nach dem liechtensteinischen Gesundheitsgesetz und den vorgegebenen Standards des Berufsverbands der Psychologen.<\/p>\n<p>In meiner angebotenen Psychotherapie lege ich Wert auf ein individuell auf Sie zugeschnittenes therapeutisches Vorgehen, dessen Basis auf einer vertrauensvollen therapeutischen Beziehung fundiert. Im Erstgespr\u00e4ch lernen wir uns kennen, gewinnen eine \u00dcbersicht \u00fcber Ihre Schwierigkeiten und vereinbaren einen konkreten Behandlungsplan. Das Erstgespr\u00e4ch dauert meist 75 Minuten.<\/p>\n<h6><strong>Therapeutische Schwerpunkte<\/strong><\/h6>\n<p>Meine therapeutischen Schwerpunkte liegen auf der Behandlung von Depressionen, Angstst\u00f6rungen, Traumafolgeerkrankungen, Pers\u00f6nlichkeitsst\u00f6rungen, Autismusspektrumst\u00f6rung sowie AD(H)S.<\/p>\n<h6><strong>Therapeutisches Angebot<\/strong><\/h6>\n<p style=\"font-weight: 400;\">Ich biete bei folgenden Schwierigkeiten psychologische Psychotherapie an:<\/p>\n<ul>\n<li>Depressionen<\/li>\n<li>Angst- und Panikst\u00f6rungen (auch Pr\u00fcfungsangst und spezifische Phobien)<\/li>\n<li>Aufmerksamkeits- und Hyperaktivit\u00e4tsst\u00f6rung (ADHS) im Erwachsenenalter<\/li>\n<li>Pers\u00f6nlichkeitsst\u00f6rungen<\/li>\n<li>Traumafolgest\u00f6rungen, Traumatherapie<\/li>\n<li>Schlafst\u00f6rungen<\/li>\n<li>Essst\u00f6rungen<\/li>\n<li>Trauer<\/li>\n<li>Autismusspektrumsst\u00f6rung<\/li>\n<li>Abstinenzerhaltung<\/li>\n<li>Selbstwertprobleme, Selbstunsicherheit<\/li>\n<li>Schwierigkeiten in pers\u00f6nlichen Beziehungen oder im beruflichen Umfeld<\/li>\n<li>Emotionsregulationsst\u00f6rungen, Schwierigkeiten im Umgang mit Gef\u00fchlen<\/li>\n<li>Aufarbeitung der Lebensgeschichte<\/li>\n<li>\u00c4ndern von (dysfunktionalen) Verhaltensmustern<\/li>\n<\/ul>\n<h6 style=\"font-weight: 400;\"><strong>Methoden<\/strong><\/h6>\n<p>Ich bediene mich folgender psychotherapeutischer Methoden:<\/p>\n<ul>\n<li>Kognitive Verhaltenstherapie (KVT)<\/li>\n<li>Intensive Short Term Dynamic Psychotherapy (ISTDP)<\/li>\n<li style=\"font-weight: 400;\">Eye Movement Desensitization and Reprocessing (EMDR)<\/li>\n<li>Dialektisch-behaviorale Therapie nach Marsha Linehan (DBT)<\/li>\n<li>Narrative Expositionstherapie (NET)<\/li>\n<li>Cognitive Behavioral Analysis System of Psychotherapy (CBASP) zur Behandlung chronisch depressiver St\u00f6rungen<\/li>\n<\/ul>\n","protected":false},"excerpt":{"rendered":"<p>Allgemeines Mein Behandlungsangebot umfasst psychologische Beratung sowie psychologische Psychotherapie in problematischen Lebenssituationen oder bei psychischer Erkrankung. Ich gew\u00e4hrleiste hohe fachliche Qualit\u00e4t nach dem liechtensteinischen Gesundheitsgesetz und den vorgegebenen Standards des Berufsverbands der Psychologen. In meiner angebotenen Psychotherapie lege ich Wert auf ein individuell auf Sie zugeschnittenes therapeutisches Vorgehen, dessen Basis auf einer vertrauensvollen therapeutischen Beziehung <a href=\"https:\/\/psychotherapie-vogt.li\/index.php\/angebot\/\" class=\"read-more below\">READ MORE<\/a><\/p>\n","protected":false},"author":1,"featured_media":0,"parent":0,"menu_order":0,"comment_status":"closed","ping_status":"closed","template":"","meta":{"footnotes":""},"class_list":["post-29","page","type-page","status-publish","hentry"],"yoast_head":"<!-- This site is optimized with the Yoast SEO plugin v27.1.1 - https:\/\/yoast.com\/product\/yoast-seo-wordpress\/ -->\n<title>Angebot - Praxis f\u00fcr Psychotherapie<\/title>\n<meta name=\"robots\" content=\"index, follow, max-snippet:-1, max-image-preview:large, max-video-preview:-1\" \/>\n<link rel=\"canonical\" href=\"https:\/\/psychotherapie-vogt.li\/index.php\/angebot\/\" \/>\n<meta property=\"og:locale\" content=\"de_DE\" \/>\n<meta property=\"og:type\" content=\"article\" \/>\n<meta property=\"og:title\" content=\"Angebot - Praxis f\u00fcr Psychotherapie\" \/>\n<meta property=\"og:description\" content=\"Allgemeines Mein Behandlungsangebot umfasst psychologische Beratung sowie psychologische Psychotherapie in problematischen Lebenssituationen oder bei psychischer Erkrankung. Ich gew\u00e4hrleiste hohe fachliche Qualit\u00e4t nach dem liechtensteinischen Gesundheitsgesetz und den vorgegebenen Standards des Berufsverbands der Psychologen. In meiner angebotenen Psychotherapie lege ich Wert auf ein individuell auf Sie zugeschnittenes therapeutisches Vorgehen, dessen Basis auf einer vertrauensvollen therapeutischen Beziehung READ MORE\" \/>\n<meta property=\"og:url\" content=\"https:\/\/psychotherapie-vogt.li\/index.php\/angebot\/\" \/>\n<meta property=\"og:site_name\" content=\"Praxis f\u00fcr Psychotherapie\" \/>\n<meta property=\"article:modified_time\" content=\"2025-05-28T18:13:54+00:00\" \/>\n<meta name=\"twitter:card\" content=\"summary_large_image\" \/>\n<meta name=\"twitter:label1\" content=\"Gesch\u00e4tzte Lesezeit\" \/>\n\t<meta name=\"twitter:data1\" content=\"2\u00a0Minuten\" \/>\n<script type=\"application\/ld+json\" class=\"yoast-schema-graph\">{\"@context\":\"https:\/\/schema.org\",\"@graph\":[{\"@type\":\"WebPage\",\"@id\":\"https:\/\/psychotherapie-vogt.li\/index.php\/angebot\/\",\"url\":\"https:\/\/psychotherapie-vogt.li\/index.php\/angebot\/\",\"name\":\"Angebot - Praxis f\u00fcr Psychotherapie\",\"isPartOf\":{\"@id\":\"https:\/\/psychotherapie-vogt.li\/#website\"},\"datePublished\":\"2024-11-09T09:17:56+00:00\",\"dateModified\":\"2025-05-28T18:13:54+00:00\",\"breadcrumb\":{\"@id\":\"https:\/\/psychotherapie-vogt.li\/index.php\/angebot\/#breadcrumb\"},\"inLanguage\":\"de\",\"potentialAction\":[{\"@type\":\"ReadAction\",\"target\":[\"https:\/\/psychotherapie-vogt.li\/index.php\/angebot\/\"]}]},{\"@type\":\"BreadcrumbList\",\"@id\":\"https:\/\/psychotherapie-vogt.li\/index.php\/angebot\/#breadcrumb\",\"itemListElement\":[{\"@type\":\"ListItem\",\"position\":1,\"name\":\"Startseite\",\"item\":\"https:\/\/psychotherapie-vogt.li\/\"},{\"@type\":\"ListItem\",\"position\":2,\"name\":\"Angebot\"}]},{\"@type\":\"WebSite\",\"@id\":\"https:\/\/psychotherapie-vogt.li\/#website\",\"url\":\"https:\/\/psychotherapie-vogt.li\/\",\"name\":\"Praxis f\u00fcr Psychotherapie\",\"description\":\"Industriestrasse 17, 9495 Triesen, Liechtenstein\",\"potentialAction\":[{\"@type\":\"SearchAction\",\"target\":{\"@type\":\"EntryPoint\",\"urlTemplate\":\"https:\/\/psychotherapie-vogt.li\/?s={search_term_string}\"},\"query-input\":{\"@type\":\"PropertyValueSpecification\",\"valueRequired\":true,\"valueName\":\"search_term_string\"}}],\"inLanguage\":\"de\"}]}<\/script>\n<!-- \/ Yoast SEO plugin. -->","yoast_head_json":{"title":"Angebot - Praxis f\u00fcr Psychotherapie","robots":{"index":"index","follow":"follow","max-snippet":"max-snippet:-1","max-image-preview":"max-image-preview:large","max-video-preview":"max-video-preview:-1"},"canonical":"https:\/\/psychotherapie-vogt.li\/index.php\/angebot\/","og_locale":"de_DE","og_type":"article","og_title":"Angebot - Praxis f\u00fcr Psychotherapie","og_description":"Allgemeines Mein Behandlungsangebot umfasst psychologische Beratung sowie psychologische Psychotherapie in problematischen Lebenssituationen oder bei psychischer Erkrankung. Ich gew\u00e4hrleiste hohe fachliche Qualit\u00e4t nach dem liechtensteinischen Gesundheitsgesetz und den vorgegebenen Standards des Berufsverbands der Psychologen. In meiner angebotenen Psychotherapie lege ich Wert auf ein individuell auf Sie zugeschnittenes therapeutisches Vorgehen, dessen Basis auf einer vertrauensvollen therapeutischen Beziehung READ MORE","og_url":"https:\/\/psychotherapie-vogt.li\/index.php\/angebot\/","og_site_name":"Praxis f\u00fcr Psychotherapie","article_modified_time":"2025-05-28T18:13:54+00:00","twitter_card":"summary_large_image","twitter_misc":{"Gesch\u00e4tzte Lesezeit":"2\u00a0Minuten"},"schema":{"@context":"https:\/\/schema.org","@graph":[{"@type":"WebPage","@id":"https:\/\/psychotherapie-vogt.li\/index.php\/angebot\/","url":"https:\/\/psychotherapie-vogt.li\/index.php\/angebot\/","name":"Angebot - Praxis f\u00fcr Psychotherapie","isPartOf":{"@id":"https:\/\/psychotherapie-vogt.li\/#website"},"datePublished":"2024-11-09T09:17:56+00:00","dateModified":"2025-05-28T18:13:54+00:00","breadcrumb":{"@id":"https:\/\/psychotherapie-vogt.li\/index.php\/angebot\/#breadcrumb"},"inLanguage":"de","potentialAction":[{"@type":"ReadAction","target":["https:\/\/psychotherapie-vogt.li\/index.php\/angebot\/"]}]},{"@type":"BreadcrumbList","@id":"https:\/\/psychotherapie-vogt.li\/index.php\/angebot\/#breadcrumb","itemListElement":[{"@type":"ListItem","position":1,"name":"Startseite","item":"https:\/\/psychotherapie-vogt.li\/"},{"@type":"ListItem","position":2,"name":"Angebot"}]},{"@type":"WebSite","@id":"https:\/\/psychotherapie-vogt.li\/#website","url":"https:\/\/psychotherapie-vogt.li\/","name":"Praxis f\u00fcr Psychotherapie","description":"Industriestrasse 17, 9495 Triesen, Liechtenstein","potentialAction":[{"@type":"SearchAction","target":{"@type":"EntryPoint","urlTemplate":"https:\/\/psychotherapie-vogt.li\/?s={search_term_string}"},"query-input":{"@type":"PropertyValueSpecification","valueRequired":true,"valueName":"search_term_string"}}],"inLanguage":"de"}]}},"_links":{"self":[{"href":"https:\/\/psychotherapie-vogt.li\/index.php\/wp-json\/wp\/v2\/pages\/29","targetHints":{"allow":["GET"]}}],"collection":[{"href":"https:\/\/psychotherapie-vogt.li\/index.php\/wp-json\/wp\/v2\/pages"}],"about":[{"href":"https:\/\/psychotherapie-vogt.li\/index.php\/wp-json\/wp\/v2\/types\/page"}],"author":[{"embeddable":true,"href":"https:\/\/psychotherapie-vogt.li\/index.php\/wp-json\/wp\/v2\/users\/1"}],"replies":[{"embeddable":true,"href":"https:\/\/psychotherapie-vogt.li\/index.php\/wp-json\/wp\/v2\/comments?post=29"}],"version-history":[{"count":50,"href":"https:\/\/psychotherapie-vogt.li\/index.php\/wp-json\/wp\/v2\/pages\/29\/revisions"}],"predecessor-version":[{"id":292,"href":"https:\/\/psychotherapie-vogt.li\/index.php\/wp-json\/wp\/v2\/pages\/29\/revisions\/292"}],"wp:attachment":[{"href":"https:\/\/psychotherapie-vogt.li\/index.php\/wp-json\/wp\/v2\/media?parent=29"}],"curies":[{"name":"wp","href":"https:\/\/api.w.org\/{rel}","templated":true}]}}