{"id":31,"date":"2024-11-09T09:18:03","date_gmt":"2024-11-09T09:18:03","guid":{"rendered":"https:\/\/psychotherapie-vogt.li\/?page_id=31"},"modified":"2025-05-28T20:06:24","modified_gmt":"2025-05-28T18:06:24","slug":"kosten","status":"publish","type":"page","link":"https:\/\/psychotherapie-vogt.li\/index.php\/kosten\/","title":{"rendered":"Kosten"},"content":{"rendered":"<p style=\"font-weight: 400;\">Ich habe keinen OKP-Vertrag. Somit werden die Kosten der Behandlung f\u00fcr alle Klienten, die <strong>in Liechtenstein versichert<\/strong> sind, nur mit folgenden Vertragspunkten mit Ihrer Krankenkasse, \u00fcbernommen:<\/p>\n<ul>\n<li style=\"font-weight: 400;\">Freie Arztwahl \/ OKP Plus \/ OKP Erweitert \/ eOKP<\/li>\n<li style=\"font-weight: 400;\">Zudem brauchen Sie eine \u00e4rztliche \u00dcberweisung<\/li>\n<\/ul>\n<p style=\"font-weight: 400;\"><em>\u00a0<\/em>Die Kosten werden direkt dem Klienten\/Klientin in Rechnung gestellt. Diese\/r bezahlt die Rechnung eigenst\u00e4ndig und leitet die bezahlte Rechnung an die Zusatzversicherung weiter. Die vertraglich vereinbarte Summe wird Ihnen von der Krankenkasse zur\u00fcckerstattet.<\/p>\n<p style=\"font-weight: 400;\">Bitte beachten Sie die Vertragsbedingungen mit Ihrer Krankenkasse sowie die vereinbarte Franchise und den j\u00e4hrlichen Selbstbehalt. Kl\u00e4ren Sie Unsicherheiten bitte vorg\u00e4ngig direkt mit Ihrer Krankenkasse.<strong>\u00a0<\/strong><\/p>\n<h6 style=\"font-weight: 400;\"><strong>Preis &amp; Rechnungsstellung<\/strong><\/h6>\n<p style=\"font-weight: 400;\">Der Preis richtet sich nach dem Tarifvertrag des liechtensteinischen Krankenkassenverbands (LKV) und betr\u00e4gt CHF 191.40 f\u00fcr 60 Minuten.<br \/>\nBitte beachten Sie, dass die administrative T\u00e4tigkeit des Therapeuten ebenfalls als Aufwand zum selben Tarif abgerechnet wird. Dar\u00fcber hinausgehende notwendige T\u00e4tigkeiten wie z.B. Telefonate, E-Mails, Testauswertungen oder verlangte Berichte werden ebenfalls verrechnet.<\/p>\n<h6 style=\"font-weight: 400;\"><strong>Selbstzahler<\/strong><\/h6>\n<p style=\"font-weight: 400;\">Wenn Sie keine der Voraussetzungen f\u00fcr die Abrechnung \u00fcber die Krankenkasse erf\u00fcllen, k\u00f6nnen Sie die Kosten der Behandlung auch selbst tragen.<\/p>\n<h6 style=\"font-weight: 400;\"><strong>Vers\u00e4umte Konsultationen<\/strong><\/h6>\n<p style=\"font-weight: 400;\">Vereinbarte Termine, die nicht mindestens 24 Stunden im Voraus abgesagt werden, werden in vollem Umfang privat in Rechnung gestellt.<\/p>\n","protected":false},"excerpt":{"rendered":"<p>Ich habe keinen OKP-Vertrag. Somit werden die Kosten der Behandlung f\u00fcr alle Klienten, die in Liechtenstein versichert sind, nur mit folgenden Vertragspunkten mit Ihrer Krankenkasse, \u00fcbernommen: Freie Arztwahl \/ OKP Plus \/ OKP Erweitert \/ eOKP Zudem brauchen Sie eine \u00e4rztliche \u00dcberweisung \u00a0Die Kosten werden direkt dem Klienten\/Klientin in Rechnung gestellt. Diese\/r bezahlt die Rechnung <a href=\"https:\/\/psychotherapie-vogt.li\/index.php\/kosten\/\" class=\"read-more below\">READ MORE<\/a><\/p>\n","protected":false},"author":1,"featured_media":0,"parent":0,"menu_order":0,"comment_status":"closed","ping_status":"closed","template":"","meta":{"footnotes":""},"class_list":["post-31","page","type-page","status-publish","hentry"],"yoast_head":"<!-- This site is optimized with the Yoast SEO plugin v27.1.1 - https:\/\/yoast.com\/product\/yoast-seo-wordpress\/ -->\n<title>Kosten - Praxis f\u00fcr Psychotherapie<\/title>\n<meta name=\"robots\" content=\"index, follow, max-snippet:-1, max-image-preview:large, max-video-preview:-1\" \/>\n<link rel=\"canonical\" href=\"https:\/\/psychotherapie-vogt.li\/index.php\/kosten\/\" \/>\n<meta property=\"og:locale\" content=\"de_DE\" \/>\n<meta property=\"og:type\" content=\"article\" \/>\n<meta property=\"og:title\" content=\"Kosten - Praxis f\u00fcr Psychotherapie\" \/>\n<meta property=\"og:description\" content=\"Ich habe keinen OKP-Vertrag. Somit werden die Kosten der Behandlung f\u00fcr alle Klienten, die in Liechtenstein versichert sind, nur mit folgenden Vertragspunkten mit Ihrer Krankenkasse, \u00fcbernommen: Freie Arztwahl \/ OKP Plus \/ OKP Erweitert \/ eOKP Zudem brauchen Sie eine \u00e4rztliche \u00dcberweisung \u00a0Die Kosten werden direkt dem Klienten\/Klientin in Rechnung gestellt. Diese\/r bezahlt die Rechnung READ MORE\" \/>\n<meta property=\"og:url\" content=\"https:\/\/psychotherapie-vogt.li\/index.php\/kosten\/\" \/>\n<meta property=\"og:site_name\" content=\"Praxis f\u00fcr Psychotherapie\" \/>\n<meta property=\"article:modified_time\" content=\"2025-05-28T18:06:24+00:00\" \/>\n<meta name=\"twitter:card\" content=\"summary_large_image\" \/>\n<meta name=\"twitter:label1\" content=\"Gesch\u00e4tzte Lesezeit\" \/>\n\t<meta name=\"twitter:data1\" content=\"2\u00a0Minuten\" \/>\n<script type=\"application\/ld+json\" class=\"yoast-schema-graph\">{\"@context\":\"https:\/\/schema.org\",\"@graph\":[{\"@type\":\"WebPage\",\"@id\":\"https:\/\/psychotherapie-vogt.li\/index.php\/kosten\/\",\"url\":\"https:\/\/psychotherapie-vogt.li\/index.php\/kosten\/\",\"name\":\"Kosten - Praxis f\u00fcr Psychotherapie\",\"isPartOf\":{\"@id\":\"https:\/\/psychotherapie-vogt.li\/#website\"},\"datePublished\":\"2024-11-09T09:18:03+00:00\",\"dateModified\":\"2025-05-28T18:06:24+00:00\",\"breadcrumb\":{\"@id\":\"https:\/\/psychotherapie-vogt.li\/index.php\/kosten\/#breadcrumb\"},\"inLanguage\":\"de\",\"potentialAction\":[{\"@type\":\"ReadAction\",\"target\":[\"https:\/\/psychotherapie-vogt.li\/index.php\/kosten\/\"]}]},{\"@type\":\"BreadcrumbList\",\"@id\":\"https:\/\/psychotherapie-vogt.li\/index.php\/kosten\/#breadcrumb\",\"itemListElement\":[{\"@type\":\"ListItem\",\"position\":1,\"name\":\"Startseite\",\"item\":\"https:\/\/psychotherapie-vogt.li\/\"},{\"@type\":\"ListItem\",\"position\":2,\"name\":\"Kosten\"}]},{\"@type\":\"WebSite\",\"@id\":\"https:\/\/psychotherapie-vogt.li\/#website\",\"url\":\"https:\/\/psychotherapie-vogt.li\/\",\"name\":\"Praxis f\u00fcr Psychotherapie\",\"description\":\"Industriestrasse 17, 9495 Triesen, Liechtenstein\",\"potentialAction\":[{\"@type\":\"SearchAction\",\"target\":{\"@type\":\"EntryPoint\",\"urlTemplate\":\"https:\/\/psychotherapie-vogt.li\/?s={search_term_string}\"},\"query-input\":{\"@type\":\"PropertyValueSpecification\",\"valueRequired\":true,\"valueName\":\"search_term_string\"}}],\"inLanguage\":\"de\"}]}<\/script>\n<!-- \/ Yoast SEO plugin. -->","yoast_head_json":{"title":"Kosten - Praxis f\u00fcr Psychotherapie","robots":{"index":"index","follow":"follow","max-snippet":"max-snippet:-1","max-image-preview":"max-image-preview:large","max-video-preview":"max-video-preview:-1"},"canonical":"https:\/\/psychotherapie-vogt.li\/index.php\/kosten\/","og_locale":"de_DE","og_type":"article","og_title":"Kosten - Praxis f\u00fcr Psychotherapie","og_description":"Ich habe keinen OKP-Vertrag. Somit werden die Kosten der Behandlung f\u00fcr alle Klienten, die in Liechtenstein versichert sind, nur mit folgenden Vertragspunkten mit Ihrer Krankenkasse, \u00fcbernommen: Freie Arztwahl \/ OKP Plus \/ OKP Erweitert \/ eOKP Zudem brauchen Sie eine \u00e4rztliche \u00dcberweisung \u00a0Die Kosten werden direkt dem Klienten\/Klientin in Rechnung gestellt. Diese\/r bezahlt die Rechnung READ MORE","og_url":"https:\/\/psychotherapie-vogt.li\/index.php\/kosten\/","og_site_name":"Praxis f\u00fcr Psychotherapie","article_modified_time":"2025-05-28T18:06:24+00:00","twitter_card":"summary_large_image","twitter_misc":{"Gesch\u00e4tzte Lesezeit":"2\u00a0Minuten"},"schema":{"@context":"https:\/\/schema.org","@graph":[{"@type":"WebPage","@id":"https:\/\/psychotherapie-vogt.li\/index.php\/kosten\/","url":"https:\/\/psychotherapie-vogt.li\/index.php\/kosten\/","name":"Kosten - Praxis f\u00fcr Psychotherapie","isPartOf":{"@id":"https:\/\/psychotherapie-vogt.li\/#website"},"datePublished":"2024-11-09T09:18:03+00:00","dateModified":"2025-05-28T18:06:24+00:00","breadcrumb":{"@id":"https:\/\/psychotherapie-vogt.li\/index.php\/kosten\/#breadcrumb"},"inLanguage":"de","potentialAction":[{"@type":"ReadAction","target":["https:\/\/psychotherapie-vogt.li\/index.php\/kosten\/"]}]},{"@type":"BreadcrumbList","@id":"https:\/\/psychotherapie-vogt.li\/index.php\/kosten\/#breadcrumb","itemListElement":[{"@type":"ListItem","position":1,"name":"Startseite","item":"https:\/\/psychotherapie-vogt.li\/"},{"@type":"ListItem","position":2,"name":"Kosten"}]},{"@type":"WebSite","@id":"https:\/\/psychotherapie-vogt.li\/#website","url":"https:\/\/psychotherapie-vogt.li\/","name":"Praxis f\u00fcr Psychotherapie","description":"Industriestrasse 17, 9495 Triesen, Liechtenstein","potentialAction":[{"@type":"SearchAction","target":{"@type":"EntryPoint","urlTemplate":"https:\/\/psychotherapie-vogt.li\/?s={search_term_string}"},"query-input":{"@type":"PropertyValueSpecification","valueRequired":true,"valueName":"search_term_string"}}],"inLanguage":"de"}]}},"_links":{"self":[{"href":"https:\/\/psychotherapie-vogt.li\/index.php\/wp-json\/wp\/v2\/pages\/31","targetHints":{"allow":["GET"]}}],"collection":[{"href":"https:\/\/psychotherapie-vogt.li\/index.php\/wp-json\/wp\/v2\/pages"}],"about":[{"href":"https:\/\/psychotherapie-vogt.li\/index.php\/wp-json\/wp\/v2\/types\/page"}],"author":[{"embeddable":true,"href":"https:\/\/psychotherapie-vogt.li\/index.php\/wp-json\/wp\/v2\/users\/1"}],"replies":[{"embeddable":true,"href":"https:\/\/psychotherapie-vogt.li\/index.php\/wp-json\/wp\/v2\/comments?post=31"}],"version-history":[{"count":17,"href":"https:\/\/psychotherapie-vogt.li\/index.php\/wp-json\/wp\/v2\/pages\/31\/revisions"}],"predecessor-version":[{"id":284,"href":"https:\/\/psychotherapie-vogt.li\/index.php\/wp-json\/wp\/v2\/pages\/31\/revisions\/284"}],"wp:attachment":[{"href":"https:\/\/psychotherapie-vogt.li\/index.php\/wp-json\/wp\/v2\/media?parent=31"}],"curies":[{"name":"wp","href":"https:\/\/api.w.org\/{rel}","templated":true}]}}