{"id":33,"date":"2024-11-09T09:18:10","date_gmt":"2024-11-09T09:18:10","guid":{"rendered":"https:\/\/psychotherapie-vogt.li\/?page_id=33"},"modified":"2026-03-16T14:42:02","modified_gmt":"2026-03-16T12:42:02","slug":"kontakt","status":"publish","type":"page","link":"https:\/\/psychotherapie-vogt.li\/index.php\/kontakt\/","title":{"rendered":"Kontakt"},"content":{"rendered":"<p style=\"font-weight: 400;\">Patricia Vogt, M. Sc.<a href=\"https:\/\/maps.app.goo.gl\/z8zys4Hh4Pj8JFqa6\" target=\"_blank\" rel=\"noopener\"><img loading=\"lazy\" decoding=\"async\" class=\"alignright wp-image-91\" src=\"https:\/\/psychotherapie-vogt.li\/wp-content\/uploads\/2024\/11\/Karte-300x201.png\" alt=\"Psychotherapie Praxis Patricia Vogt\" width=\"235\" height=\"157\" srcset=\"https:\/\/psychotherapie-vogt.li\/wp-content\/uploads\/2024\/11\/Karte-300x201.png 300w, https:\/\/psychotherapie-vogt.li\/wp-content\/uploads\/2024\/11\/Karte.png 646w\" sizes=\"auto, (max-width: 235px) 100vw, 235px\" \/><\/a><br \/>\nPraxis f\u00fcr Psychotherapie<br \/>\nIndustriestrasse 17<br \/>\nFL &#8211; 9495 Triesen<\/p>\n<p><strong>Telefon:<\/strong><\/p>\n<p>+423 789 60 60<\/p>\n<p><strong>Emails:<img loading=\"lazy\" decoding=\"async\" class=\"wp-image-306 size-thumbnail alignright\" src=\"https:\/\/psychotherapie-vogt.li\/wp-content\/uploads\/2025\/10\/hin-label-de-e1761665718221-150x150.png\" alt=\"\" width=\"150\" height=\"150\" srcset=\"https:\/\/psychotherapie-vogt.li\/wp-content\/uploads\/2025\/10\/hin-label-de-e1761665718221-150x150.png 150w, https:\/\/psychotherapie-vogt.li\/wp-content\/uploads\/2025\/10\/hin-label-de-e1761665718221-300x298.png 300w, https:\/\/psychotherapie-vogt.li\/wp-content\/uploads\/2025\/10\/hin-label-de-e1761665718221.png 486w\" sizes=\"auto, (max-width: 150px) 100vw, 150px\" \/><\/strong><\/p>\n<p><a href=\"mailto:info@psychotherapie-vogt.li\">info@psychotherapie-vogt.li<\/a> (f\u00fcr Anfragen, Termin\u00e4nderungen, etc.)<br \/>\n<a href=\"mailto:patricia.vogt@hin.ch\">patricia.vogt@hin.ch<\/a> (zur sicheren Kommunikation und Daten\u00fcbermittlung zwischen Hin-Usern)<\/p>\n<p style=\"color: red;\"><strong><em>Ab Mai 2026 werden wieder Therapiepl\u00e4tze frei. Bis dahin k\u00f6nnen Sie sich auf die Warteliste setzen lassen.<\/em><\/strong><\/p>\n<p style=\"font-weight: 400;\"><strong>\u00d6ffnungszeiten:<\/strong><\/p>\n<p style=\"font-weight: 400;\">Mittwoch bis Freitag: 13 &#8211; 18 Uhr<br \/>\nSamstag: 8 &#8211; 11.30 Uhr<\/p>\n<h6 style=\"font-weight: 400;\">Parkm\u00f6glichkeiten \/ Bushaltestelle<\/h6>\n<p style=\"font-weight: 400;\">Vor der Praxis befindet sich ein Parkplatz. Ich bitte Sie ausschliesslich den Parkplatz bei meiner Praxis zu benutzen. Die Bushaltestellen \u00abTriesen Messina\u00bb oder \u00abTriesen Maschlina\u00bb befinden sich in 5-10 Gehminuten Entfernung.<\/p>\n<h6>Diverses<\/h6>\n<p><a href=\"https:\/\/psychotherapie-vogt.li\/index.php\/cookie-richtlinie-eu\/\">Cookie-Richtlinie (EU)<\/a><\/p>\n","protected":false},"excerpt":{"rendered":"<p>Patricia Vogt, M. Sc. Praxis f\u00fcr Psychotherapie Industriestrasse 17 FL &#8211; 9495 Triesen Telefon: +423 789 60 60 Emails: info@psychotherapie-vogt.li (f\u00fcr Anfragen, Termin\u00e4nderungen, etc.) patricia.vogt@hin.ch (zur sicheren Kommunikation und Daten\u00fcbermittlung zwischen Hin-Usern) Ab Mai 2026 werden wieder Therapiepl\u00e4tze frei. Bis dahin k\u00f6nnen Sie sich auf die Warteliste setzen lassen. \u00d6ffnungszeiten: Mittwoch bis Freitag: 13 &#8211; <a href=\"https:\/\/psychotherapie-vogt.li\/index.php\/kontakt\/\" class=\"read-more below\">READ MORE<\/a><\/p>\n","protected":false},"author":1,"featured_media":0,"parent":0,"menu_order":0,"comment_status":"closed","ping_status":"closed","template":"","meta":{"footnotes":""},"class_list":["post-33","page","type-page","status-publish","hentry"],"yoast_head":"<!-- This site is optimized with the Yoast SEO plugin v27.1.1 - https:\/\/yoast.com\/product\/yoast-seo-wordpress\/ -->\n<title>Kontakt - Praxis f\u00fcr Psychotherapie<\/title>\n<meta name=\"robots\" content=\"index, follow, max-snippet:-1, max-image-preview:large, max-video-preview:-1\" \/>\n<link rel=\"canonical\" href=\"https:\/\/psychotherapie-vogt.li\/index.php\/kontakt\/\" \/>\n<meta property=\"og:locale\" content=\"de_DE\" \/>\n<meta property=\"og:type\" content=\"article\" \/>\n<meta property=\"og:title\" content=\"Kontakt - Praxis f\u00fcr Psychotherapie\" \/>\n<meta property=\"og:description\" content=\"Patricia Vogt, M. Sc. Praxis f\u00fcr Psychotherapie Industriestrasse 17 FL &#8211; 9495 Triesen Telefon: +423 789 60 60 Emails: info@psychotherapie-vogt.li (f\u00fcr Anfragen, Termin\u00e4nderungen, etc.) patricia.vogt@hin.ch (zur sicheren Kommunikation und Daten\u00fcbermittlung zwischen Hin-Usern) Ab Mai 2026 werden wieder Therapiepl\u00e4tze frei. Bis dahin k\u00f6nnen Sie sich auf die Warteliste setzen lassen. \u00d6ffnungszeiten: Mittwoch bis Freitag: 13 &#8211; READ MORE\" \/>\n<meta property=\"og:url\" content=\"https:\/\/psychotherapie-vogt.li\/index.php\/kontakt\/\" \/>\n<meta property=\"og:site_name\" content=\"Praxis f\u00fcr Psychotherapie\" \/>\n<meta property=\"article:modified_time\" content=\"2026-03-16T12:42:02+00:00\" \/>\n<meta property=\"og:image\" content=\"https:\/\/psychotherapie-vogt.li\/wp-content\/uploads\/2024\/11\/Karte.png\" \/>\n\t<meta property=\"og:image:width\" content=\"646\" \/>\n\t<meta property=\"og:image:height\" content=\"432\" \/>\n\t<meta property=\"og:image:type\" content=\"image\/png\" \/>\n<meta name=\"twitter:card\" content=\"summary_large_image\" \/>\n<meta name=\"twitter:label1\" content=\"Gesch\u00e4tzte Lesezeit\" \/>\n\t<meta name=\"twitter:data1\" content=\"1\u00a0Minute\" \/>\n<script type=\"application\/ld+json\" class=\"yoast-schema-graph\">{\"@context\":\"https:\/\/schema.org\",\"@graph\":[{\"@type\":\"WebPage\",\"@id\":\"https:\/\/psychotherapie-vogt.li\/index.php\/kontakt\/\",\"url\":\"https:\/\/psychotherapie-vogt.li\/index.php\/kontakt\/\",\"name\":\"Kontakt - Praxis f\u00fcr Psychotherapie\",\"isPartOf\":{\"@id\":\"https:\/\/psychotherapie-vogt.li\/#website\"},\"primaryImageOfPage\":{\"@id\":\"https:\/\/psychotherapie-vogt.li\/index.php\/kontakt\/#primaryimage\"},\"image\":{\"@id\":\"https:\/\/psychotherapie-vogt.li\/index.php\/kontakt\/#primaryimage\"},\"thumbnailUrl\":\"https:\/\/psychotherapie-vogt.li\/wp-content\/uploads\/2024\/11\/Karte-300x201.png\",\"datePublished\":\"2024-11-09T09:18:10+00:00\",\"dateModified\":\"2026-03-16T12:42:02+00:00\",\"breadcrumb\":{\"@id\":\"https:\/\/psychotherapie-vogt.li\/index.php\/kontakt\/#breadcrumb\"},\"inLanguage\":\"de\",\"potentialAction\":[{\"@type\":\"ReadAction\",\"target\":[\"https:\/\/psychotherapie-vogt.li\/index.php\/kontakt\/\"]}]},{\"@type\":\"ImageObject\",\"inLanguage\":\"de\",\"@id\":\"https:\/\/psychotherapie-vogt.li\/index.php\/kontakt\/#primaryimage\",\"url\":\"https:\/\/psychotherapie-vogt.li\/wp-content\/uploads\/2024\/11\/Karte.png\",\"contentUrl\":\"https:\/\/psychotherapie-vogt.li\/wp-content\/uploads\/2024\/11\/Karte.png\",\"width\":646,\"height\":432,\"caption\":\"Psychotherapie Praxis Patricia Vogt\"},{\"@type\":\"BreadcrumbList\",\"@id\":\"https:\/\/psychotherapie-vogt.li\/index.php\/kontakt\/#breadcrumb\",\"itemListElement\":[{\"@type\":\"ListItem\",\"position\":1,\"name\":\"Startseite\",\"item\":\"https:\/\/psychotherapie-vogt.li\/\"},{\"@type\":\"ListItem\",\"position\":2,\"name\":\"Kontakt\"}]},{\"@type\":\"WebSite\",\"@id\":\"https:\/\/psychotherapie-vogt.li\/#website\",\"url\":\"https:\/\/psychotherapie-vogt.li\/\",\"name\":\"Praxis f\u00fcr Psychotherapie\",\"description\":\"Industriestrasse 17, 9495 Triesen, Liechtenstein\",\"potentialAction\":[{\"@type\":\"SearchAction\",\"target\":{\"@type\":\"EntryPoint\",\"urlTemplate\":\"https:\/\/psychotherapie-vogt.li\/?s={search_term_string}\"},\"query-input\":{\"@type\":\"PropertyValueSpecification\",\"valueRequired\":true,\"valueName\":\"search_term_string\"}}],\"inLanguage\":\"de\"}]}<\/script>\n<!-- \/ Yoast SEO plugin. -->","yoast_head_json":{"title":"Kontakt - Praxis f\u00fcr Psychotherapie","robots":{"index":"index","follow":"follow","max-snippet":"max-snippet:-1","max-image-preview":"max-image-preview:large","max-video-preview":"max-video-preview:-1"},"canonical":"https:\/\/psychotherapie-vogt.li\/index.php\/kontakt\/","og_locale":"de_DE","og_type":"article","og_title":"Kontakt - Praxis f\u00fcr Psychotherapie","og_description":"Patricia Vogt, M. Sc. Praxis f\u00fcr Psychotherapie Industriestrasse 17 FL &#8211; 9495 Triesen Telefon: +423 789 60 60 Emails: info@psychotherapie-vogt.li (f\u00fcr Anfragen, Termin\u00e4nderungen, etc.) patricia.vogt@hin.ch (zur sicheren Kommunikation und Daten\u00fcbermittlung zwischen Hin-Usern) Ab Mai 2026 werden wieder Therapiepl\u00e4tze frei. Bis dahin k\u00f6nnen Sie sich auf die Warteliste setzen lassen. \u00d6ffnungszeiten: Mittwoch bis Freitag: 13 &#8211; READ MORE","og_url":"https:\/\/psychotherapie-vogt.li\/index.php\/kontakt\/","og_site_name":"Praxis f\u00fcr Psychotherapie","article_modified_time":"2026-03-16T12:42:02+00:00","og_image":[{"width":646,"height":432,"url":"https:\/\/psychotherapie-vogt.li\/wp-content\/uploads\/2024\/11\/Karte.png","type":"image\/png"}],"twitter_card":"summary_large_image","twitter_misc":{"Gesch\u00e4tzte Lesezeit":"1\u00a0Minute"},"schema":{"@context":"https:\/\/schema.org","@graph":[{"@type":"WebPage","@id":"https:\/\/psychotherapie-vogt.li\/index.php\/kontakt\/","url":"https:\/\/psychotherapie-vogt.li\/index.php\/kontakt\/","name":"Kontakt - Praxis f\u00fcr Psychotherapie","isPartOf":{"@id":"https:\/\/psychotherapie-vogt.li\/#website"},"primaryImageOfPage":{"@id":"https:\/\/psychotherapie-vogt.li\/index.php\/kontakt\/#primaryimage"},"image":{"@id":"https:\/\/psychotherapie-vogt.li\/index.php\/kontakt\/#primaryimage"},"thumbnailUrl":"https:\/\/psychotherapie-vogt.li\/wp-content\/uploads\/2024\/11\/Karte-300x201.png","datePublished":"2024-11-09T09:18:10+00:00","dateModified":"2026-03-16T12:42:02+00:00","breadcrumb":{"@id":"https:\/\/psychotherapie-vogt.li\/index.php\/kontakt\/#breadcrumb"},"inLanguage":"de","potentialAction":[{"@type":"ReadAction","target":["https:\/\/psychotherapie-vogt.li\/index.php\/kontakt\/"]}]},{"@type":"ImageObject","inLanguage":"de","@id":"https:\/\/psychotherapie-vogt.li\/index.php\/kontakt\/#primaryimage","url":"https:\/\/psychotherapie-vogt.li\/wp-content\/uploads\/2024\/11\/Karte.png","contentUrl":"https:\/\/psychotherapie-vogt.li\/wp-content\/uploads\/2024\/11\/Karte.png","width":646,"height":432,"caption":"Psychotherapie Praxis Patricia Vogt"},{"@type":"BreadcrumbList","@id":"https:\/\/psychotherapie-vogt.li\/index.php\/kontakt\/#breadcrumb","itemListElement":[{"@type":"ListItem","position":1,"name":"Startseite","item":"https:\/\/psychotherapie-vogt.li\/"},{"@type":"ListItem","position":2,"name":"Kontakt"}]},{"@type":"WebSite","@id":"https:\/\/psychotherapie-vogt.li\/#website","url":"https:\/\/psychotherapie-vogt.li\/","name":"Praxis f\u00fcr Psychotherapie","description":"Industriestrasse 17, 9495 Triesen, Liechtenstein","potentialAction":[{"@type":"SearchAction","target":{"@type":"EntryPoint","urlTemplate":"https:\/\/psychotherapie-vogt.li\/?s={search_term_string}"},"query-input":{"@type":"PropertyValueSpecification","valueRequired":true,"valueName":"search_term_string"}}],"inLanguage":"de"}]}},"_links":{"self":[{"href":"https:\/\/psychotherapie-vogt.li\/index.php\/wp-json\/wp\/v2\/pages\/33","targetHints":{"allow":["GET"]}}],"collection":[{"href":"https:\/\/psychotherapie-vogt.li\/index.php\/wp-json\/wp\/v2\/pages"}],"about":[{"href":"https:\/\/psychotherapie-vogt.li\/index.php\/wp-json\/wp\/v2\/types\/page"}],"author":[{"embeddable":true,"href":"https:\/\/psychotherapie-vogt.li\/index.php\/wp-json\/wp\/v2\/users\/1"}],"replies":[{"embeddable":true,"href":"https:\/\/psychotherapie-vogt.li\/index.php\/wp-json\/wp\/v2\/comments?post=33"}],"version-history":[{"count":95,"href":"https:\/\/psychotherapie-vogt.li\/index.php\/wp-json\/wp\/v2\/pages\/33\/revisions"}],"predecessor-version":[{"id":331,"href":"https:\/\/psychotherapie-vogt.li\/index.php\/wp-json\/wp\/v2\/pages\/33\/revisions\/331"}],"wp:attachment":[{"href":"https:\/\/psychotherapie-vogt.li\/index.php\/wp-json\/wp\/v2\/media?parent=33"}],"curies":[{"name":"wp","href":"https:\/\/api.w.org\/{rel}","templated":true}]}}